{"id":213,"date":"2020-04-12T12:58:14","date_gmt":"2020-04-12T09:58:14","guid":{"rendered":"http:\/\/modernmakine.com.tr\/en\/?page_id=213"},"modified":"2021-02-19T18:47:57","modified_gmt":"2021-02-19T15:47:57","slug":"about-us","status":"publish","type":"page","link":"https:\/\/modernmakine.com.tr\/en\/about-us\/","title":{"rendered":"About Us"},"content":{"rendered":"\t\t<div data-elementor-type=\"wp-page\" data-elementor-id=\"213\" class=\"elementor elementor-213\">\n\t\t\t\t\t\t<div class=\"elementor-inner\">\n\t\t\t\t<div class=\"elementor-section-wrap\">\n\t\t\t\t\t\t\t\t\t<section class=\"elementor-section elementor-top-section elementor-element elementor-element-62aa013 elementor-section-boxed elementor-section-height-default elementor-section-height-default\" data-id=\"62aa013\" data-element_type=\"section\">\n\t\t\t\t\t\t\t<div class=\"elementor-background-overlay\"><\/div>\n\t\t\t\t\t\t\t<div class=\"elementor-container elementor-column-gap-default\">\n\t\t\t\t\t\t\t<div class=\"elementor-row\">\n\t\t\t\t\t<div class=\"elementor-column elementor-col-100 elementor-top-column elementor-element elementor-element-48332c3\" data-id=\"48332c3\" data-element_type=\"column\">\n\t\t\t<div class=\"elementor-column-wrap elementor-element-populated\">\n\t\t\t\t\t\t\t<div class=\"elementor-widget-wrap\">\n\t\t\t\t\t\t<div class=\"elementor-element elementor-element-56b468f elementor-widget elementor-widget-welcome-section\" data-id=\"56b468f\" data-element_type=\"widget\" data-widget_type=\"welcome-section.default\">\n\t\t\t\t<div class=\"elementor-widget-container\">\n\t\t\t\t\t\t<div class=\"row\">\n\t\t\t\t<div class=\"col-lg-6 col-md-12 m-b30\">\n\t\t\t\t\t<div class=\"welcom-to-section\">\n\t\t\t\t\t\t<!-- TITLE START-->\n\t\t\t\t\t\t<div class=\"left wt-small-separator-outer\">\n\t\t\t\t\t\t\t<div class=\"wt-small-separator site-text-primary\">\n\t\t\t\t\t\t\t\t<div  class=\"sep-leaf-left\"><\/div>\n\t\t\t\t\t\t\t\t<div>About Us<\/div>\n\t\t\t\t\t\t\t\t<div  class=\"sep-leaf-right\"><\/div>\n\t\t\t\t\t\t\t<\/div>\n\t\t\t\t\t\t<\/div>\n\t\t\t\t\t\t<h2>We add value to <span>your dreams<\/span> with our experience<\/h2>\n\t\t\t\t\t\tWho are we? In 1976, NAMIK KEMAL O\u011eUZ, who worked as a technical manager in various oil factories in Trakya, which is the source of sunflower oil in our country, later added his experience and started to produce machinery and equipment for vegetable oil factories. Nam\u0131k Kemal O\u011fuz, who has accomplished important works in this sector in a short time, founded MODERN MAK\u0130NE VE M\u00dcHEND\u0130SL\u0130K H\u0130ZMETLER\u0130 firm in 2011. The company has prioritized quality and customer satisfaction, and continues its innovative process rapidly in line with the technology and engineering services required by the age. Our company, which manufactures the necessary machinery and equipment for the processing of various oil seeds, process applications and assembly, has established and continues to establish modern facilities in our country and in various countries of the world.<\/br>\t\t\t\t\t\t<div class=\"welcom-to-section-bottom d-flex justify-content-between\">\n\t\t\t\t\t\t\t<div class=\"welcom-btn-position\">\n\t\t\t\t\t\t\t\t<a  href=\"https:\/\/gridvalley.net\/wp\/industroz\/transport\/contact-us\/\" class=\"site-button site-btn-effect\">Contact Us<\/a>\n\t\t\t\t\t\t\t<\/div>\n\t\t\t\t\t\t<\/div>   \n\t\t\t\t\t<\/div>\n\t\t\t\t<\/div>\n\t\t\t\t<div class=\"col-lg-6 col-md-12 m-b30\">\n\t\t\t\t\t<div class=\"img-colarge2\">\n\t\t\t\t\t\t<div class=\"colarge-2 slide-right\">\n\t\t\t\t\t\t\t<img src=\"http:\/\/modernmakine.com.tr\/en\/wp-content\/uploads\/sites\/2\/2021\/02\/ozmodern-yeni-logo.png\" alt=\"img\">\n\t\t\t\t\t\t<\/div>\n\t\t\t\t\t\t<div class=\"colarge-2-1\">\n\t\t\t\t\t\t\t<img src=\"http:\/\/modernmakine.com.tr\/en\/wp-content\/uploads\/sites\/2\/2021\/02\/2rt.jpg\" alt=\"img\">\n\t\t\t\t\t\t<\/div>\n\t\t\t\t\t\t<div class=\"since-year-outer2\">\n\t\t\t\t\t\t\t<div class=\"since-year2\">\n\t\t\t\t\t\t\t\t<span>Since<\/span>\n\t\t\t\t\t\t\t\t<strong>2011<\/strong>\n\t\t\t\t\t\t\t<\/div>\n\t\t\t\t\t\t<\/div>\n\t\t\t\t\t\t\n\t\t\t\t\t<\/div>\n\t\t\t\t<\/div>\n\t\t\t<\/div>\n\t\t\t\t\t<\/div>\n\t\t\t\t<\/div>\n\t\t\t\t\t\t<\/div>\n\t\t\t\t\t<\/div>\n\t\t<\/div>\n\t\t\t\t\t\t\t\t<\/div>\n\t\t\t\t\t<\/div>\n\t\t<\/section>\n\t\t\t\t<section class=\"elementor-section elementor-top-section elementor-element elementor-element-9e0d648 elementor-section-boxed elementor-section-height-default elementor-section-height-default\" data-id=\"9e0d648\" data-element_type=\"section\">\n\t\t\t\t\t\t<div class=\"elementor-container elementor-column-gap-default\">\n\t\t\t\t\t\t\t<div class=\"elementor-row\">\n\t\t\t\t\t<div class=\"elementor-column elementor-col-100 elementor-top-column elementor-element elementor-element-a9a68f2\" data-id=\"a9a68f2\" data-element_type=\"column\">\n\t\t\t<div class=\"elementor-column-wrap elementor-element-populated\">\n\t\t\t\t\t\t\t<div class=\"elementor-widget-wrap\">\n\t\t\t\t\t\t<div class=\"elementor-element elementor-element-2a5b668 elementor-widget elementor-widget-spacer\" data-id=\"2a5b668\" data-element_type=\"widget\" data-widget_type=\"spacer.default\">\n\t\t\t\t<div class=\"elementor-widget-container\">\n\t\t\t\t\t<div class=\"elementor-spacer\">\n\t\t\t<div class=\"elementor-spacer-inner\"><\/div>\n\t\t<\/div>\n\t\t\t\t<\/div>\n\t\t\t\t<\/div>\n\t\t\t\t<div class=\"elementor-element elementor-element-4006f64 elementor-widget elementor-widget-heading\" data-id=\"4006f64\" data-element_type=\"widget\" data-widget_type=\"heading.default\">\n\t\t\t\t<div class=\"elementor-widget-container\">\n\t\t\t<h2 class=\"elementor-heading-title elementor-size-default\">Our Vision <\/h2>\t\t<\/div>\n\t\t\t\t<\/div>\n\t\t\t\t<div class=\"elementor-element elementor-element-4ab94b8 elementor-widget elementor-widget-text-editor\" data-id=\"4ab94b8\" data-element_type=\"widget\" data-widget_type=\"text-editor.default\">\n\t\t\t\t<div class=\"elementor-widget-container\">\n\t\t\t\t\t\t\t\t<div class=\"elementor-text-editor elementor-clearfix\">\n\t\t\t\t<p><span style=\"font-size: 14pt;\">Our Vision In today&#8217;s world where knowledge and innovation outweigh capital, kaurum should adapt to new technologies and methods as quickly as possible and have a management approach to develop strategic collaborations. The dissemination of the project culture, which enables the establishment of international partnerships and the development of a common life culture in the globalizing world, will cause our institutions and employees to integrate with the world and adopt a solution-oriented approach.<\/span><\/p>\t\t\t\t\t<\/div>\n\t\t\t\t\t\t<\/div>\n\t\t\t\t<\/div>\n\t\t\t\t<div class=\"elementor-element elementor-element-b436037 elementor-widget elementor-widget-heading\" data-id=\"b436037\" data-element_type=\"widget\" data-widget_type=\"heading.default\">\n\t\t\t\t<div class=\"elementor-widget-container\">\n\t\t\t<h2 class=\"elementor-heading-title elementor-size-default\">Our Mission <\/h2>\t\t<\/div>\n\t\t\t\t<\/div>\n\t\t\t\t<div class=\"elementor-element elementor-element-b14d049 elementor-widget elementor-widget-text-editor\" data-id=\"b14d049\" data-element_type=\"widget\" data-widget_type=\"text-editor.default\">\n\t\t\t\t<div class=\"elementor-widget-container\">\n\t\t\t\t\t\t\t\t<div class=\"elementor-text-editor elementor-clearfix\">\n\t\t\t\t<p><span style=\"font-size: 14pt;\">Our Mission To contribute to the development of the project culture throughout the country, to ensure the establishment of healthy relations between our country&#8217;s institutions and foreign partners in major international projects, and to ensure the realization of projects that will play an active role in solving the problems in society.<\/span><\/p>\t\t\t\t\t<\/div>\n\t\t\t\t\t\t<\/div>\n\t\t\t\t<\/div>\n\t\t\t\t<div class=\"elementor-element elementor-element-d79571f elementor-widget elementor-widget-spacer\" data-id=\"d79571f\" data-element_type=\"widget\" data-widget_type=\"spacer.default\">\n\t\t\t\t<div class=\"elementor-widget-container\">\n\t\t\t\t\t<div class=\"elementor-spacer\">\n\t\t\t<div class=\"elementor-spacer-inner\"><\/div>\n\t\t<\/div>\n\t\t\t\t<\/div>\n\t\t\t\t<\/div>\n\t\t\t\t<div class=\"elementor-element elementor-element-a5ff294 elementor-widget elementor-widget-heading\" data-id=\"a5ff294\" data-element_type=\"widget\" data-widget_type=\"heading.default\">\n\t\t\t\t<div class=\"elementor-widget-container\">\n\t\t\t<h2 class=\"elementor-heading-title elementor-size-default\">We in the Press<\/h2>\t\t<\/div>\n\t\t\t\t<\/div>\n\t\t\t\t<div class=\"elementor-element elementor-element-b6be173 elementor-aspect-ratio-169 elementor-widget elementor-widget-video\" data-id=\"b6be173\" data-element_type=\"widget\" data-settings=\"{&quot;youtube_url&quot;:&quot;https:\\\/\\\/www.youtube.com\\\/watch?v=dRXXMi8R0Sw&quot;,&quot;video_type&quot;:&quot;youtube&quot;,&quot;controls&quot;:&quot;yes&quot;,&quot;aspect_ratio&quot;:&quot;169&quot;}\" data-widget_type=\"video.default\">\n\t\t\t\t<div class=\"elementor-widget-container\">\n\t\t\t\t\t<div class=\"elementor-wrapper elementor-fit-aspect-ratio elementor-open-inline\">\n\t\t\t<div class=\"elementor-video\"><\/div>\t\t<\/div>\n\t\t\t\t<\/div>\n\t\t\t\t<\/div>\n\t\t\t\t\t\t<\/div>\n\t\t\t\t\t<\/div>\n\t\t<\/div>\n\t\t\t\t\t\t\t\t<\/div>\n\t\t\t\t\t<\/div>\n\t\t<\/section>\n\t\t\t\t<section class=\"elementor-section elementor-top-section elementor-element elementor-element-846e412 elementor-section-boxed elementor-section-height-default elementor-section-height-default\" data-id=\"846e412\" data-element_type=\"section\" data-settings=\"{&quot;background_background&quot;:&quot;classic&quot;}\">\n\t\t\t\t\t\t<div class=\"elementor-container elementor-column-gap-default\">\n\t\t\t\t\t\t\t<div class=\"elementor-row\">\n\t\t\t\t\t<div class=\"elementor-column elementor-col-100 elementor-top-column elementor-element elementor-element-c30347d\" data-id=\"c30347d\" data-element_type=\"column\">\n\t\t\t<div class=\"elementor-column-wrap elementor-element-populated\">\n\t\t\t\t\t\t\t<div class=\"elementor-widget-wrap\">\n\t\t\t\t\t\t<div class=\"elementor-element elementor-element-228330c elementor-widget elementor-widget-services-section\" data-id=\"228330c\" data-element_type=\"widget\" data-widget_type=\"services-section.default\">\n\t\t\t\t<div class=\"elementor-widget-container\">\n\t\t\t\t\t\t<div class=\"section-full  p-t80 p-b50 services-style3\">\n\t\t\t\t<!-- IMAGE CAROUSEL START -->\n\t\t\t\t<div class=\"section-content clearfix\">\n\t\t\t\t\t\t\t\t\t\t\t<div class=\"section-head center wt-small-separator-outer text-center\">\n\t\t\t\t\t\t\t<div class=\"wt-small-separator site-text-primary\">\n\t\t\t\t\t\t\t\t<div class=\"sep-leaf-left\"><\/div>\n\t\t\t\t\t\t\t\t<div> The Best Industry services <\/div>\n\t\t\t\t\t\t\t\t<div class=\"sep-leaf-right\"><\/div>\n\t\t\t\t\t\t\t<\/div>\n\t\t\t\t\t\t\t<h2>High Performance Services For Multiple Insdustries And Technologies!<\/h2>\n\t\t\t\t\t\t<\/div>\t\n\t\t\t\t\t\t\t\t\t\t\t<div class=\"top-half2-section\">\n\t\t\t\t\t\t<div class=\"row d-flex justify-content-center\">\n\t\t\t\t\t\t\t\t\t\t\t\t\t\t\t<div class=\"col-lg-4 col-md-6 animate_line\">\n\t\t\t\t\t\t\t\t\t<div class=\"service-border-box3 shadow text-center\">\n\t\t\t\t\t\t\t\t\t\t<div class=\"wt-icon-box-wraper bg-white p-tb50 p-lr20\">\n\t\t\t\t\t\t\t\t\t\t\t<div class=\"icon-lg inline-icon\t m-b50\">\n\t\t\t\t\t\t\t\t\t\t\t\t\t\t\t\t\t\t\t\t\t\t\t\t\t<span class=\"icon-cell site-text-primary\"><i class=\"flaticon-oil\"><\/i><\/span>\n\t\t\t\t\t\t\t\t\t\t\t\t\t\t\t\t\t\t\t\t\t\t\t\t<\/div>\n\t\t\t\t\t\t\t\t\t\t\t<div class=\"icon-content\">\n\t\t\t\t\t\t\t\t\t\t\t\t<h3 class=\"wt-tilte m-b20\">Refinery<\/h3>\n\t\t\t\t\t\t\t\t\t\t\t\t<p>REFINERY\r\nImpurities (impurities) such as phosphatides, free fatty acids (FFA) and anti-oxidants etc<\/p>\n\t\t\t\t\t\t\t\t\t\t\t\t<a href=\"https:\/\/modernmakine.com.tr\/en\/services\/refinery\/\" class=\"site-button-link\">More Detail<\/a>\n\t\t\t\t\t\t\t\t\t\t\t<\/div>\n\t\t\t\t\t\t\t\t\t\t<\/div>\n\t\t\t\t\t\t\t\t\t<\/div>\n\t\t\t\t\t\t\t\t<\/div>\n\t\t\t\t\t\t\t\t\t\t\t\t\t\t\t\t<div class=\"col-lg-4 col-md-6 animate_line\">\n\t\t\t\t\t\t\t\t\t<div class=\"service-border-box3 shadow text-center\">\n\t\t\t\t\t\t\t\t\t\t<div class=\"wt-icon-box-wraper bg-white p-tb50 p-lr20\">\n\t\t\t\t\t\t\t\t\t\t\t<div class=\"icon-lg inline-icon\t m-b50\">\n\t\t\t\t\t\t\t\t\t\t\t\t\t\t\t\t\t\t\t\t\t\t\t\t\t<span class=\"icon-cell site-text-primary\"><i class=\"flaticon-scythe\"><\/i><\/span>\n\t\t\t\t\t\t\t\t\t\t\t\t\t\t\t\t\t\t\t\t\t\t\t\t<\/div>\n\t\t\t\t\t\t\t\t\t\t\t<div class=\"icon-content\">\n\t\t\t\t\t\t\t\t\t\t\t\t<h3 class=\"wt-tilte m-b20\">Crude Oil Press Unit<\/h3>\n\t\t\t\t\t\t\t\t\t\t\t\t<p>RAW OIL PRESS UNIT\r\nFor obtaining crude oil and pulp by squeezing the oil seeds brought to suitable <\/p>\n\t\t\t\t\t\t\t\t\t\t\t\t<a href=\"https:\/\/modernmakine.com.tr\/en\/services\/crude-oil-press-unit\/\" class=\"site-button-link\">More Detail<\/a>\n\t\t\t\t\t\t\t\t\t\t\t<\/div>\n\t\t\t\t\t\t\t\t\t\t<\/div>\n\t\t\t\t\t\t\t\t\t<\/div>\n\t\t\t\t\t\t\t\t<\/div>\n\t\t\t\t\t\t\t\t\t\t\t\t\t\t\t\t<div class=\"col-lg-4 col-md-6 animate_line\">\n\t\t\t\t\t\t\t\t\t<div class=\"service-border-box3 shadow text-center\">\n\t\t\t\t\t\t\t\t\t\t<div class=\"wt-icon-box-wraper bg-white p-tb50 p-lr20\">\n\t\t\t\t\t\t\t\t\t\t\t<div class=\"icon-lg inline-icon\t m-b50\">\n\t\t\t\t\t\t\t\t\t\t\t\t\t\t\t\t\t\t\t\t\t\t\t\t\t<span class=\"icon-cell site-text-primary\"><i class=\"flaticon-helmet\"><\/i><\/span>\n\t\t\t\t\t\t\t\t\t\t\t\t\t\t\t\t\t\t\t\t\t\t\t\t<\/div>\n\t\t\t\t\t\t\t\t\t\t\t<div class=\"icon-content\">\n\t\t\t\t\t\t\t\t\t\t\t\t<h3 class=\"wt-tilte m-b20\">Various Productions<\/h3>\n\t\t\t\t\t\t\t\t\t\t\t\t<p>VARIOUS PRODUCTIONS\r\nWe manufacture various equipment needed for oil factories, feed factories and v<\/p>\n\t\t\t\t\t\t\t\t\t\t\t\t<a href=\"https:\/\/modernmakine.com.tr\/en\/services\/various-productions\/\" class=\"site-button-link\">More Detail<\/a>\n\t\t\t\t\t\t\t\t\t\t\t<\/div>\n\t\t\t\t\t\t\t\t\t\t<\/div>\n\t\t\t\t\t\t\t\t\t<\/div>\n\t\t\t\t\t\t\t\t<\/div>\n\t\t\t\t\t\t\t\t\t\t\t\t\t\t\t\t<div class=\"col-lg-4 col-md-6 animate_line\">\n\t\t\t\t\t\t\t\t\t<div class=\"service-border-box3 shadow text-center\">\n\t\t\t\t\t\t\t\t\t\t<div class=\"wt-icon-box-wraper bg-white p-tb50 p-lr20\">\n\t\t\t\t\t\t\t\t\t\t\t<div class=\"icon-lg inline-icon\t m-b50\">\n\t\t\t\t\t\t\t\t\t\t\t\t\t\t\t\t\t\t\t\t\t\t\t\t\t<span class=\"icon-cell site-text-primary\"><i class=\"flaticon-conveyor\"><\/i><\/span>\n\t\t\t\t\t\t\t\t\t\t\t\t\t\t\t\t\t\t\t\t\t\t\t\t<\/div>\n\t\t\t\t\t\t\t\t\t\t\t<div class=\"icon-content\">\n\t\t\t\t\t\t\t\t\t\t\t\t<h3 class=\"wt-tilte m-b20\">Extraction<\/h3>\n\t\t\t\t\t\t\t\t\t\t\t\t<p>EXTRACTION\r\nIt is the unit where the oily pulp coming out of the press is separated from its oil in <\/p>\n\t\t\t\t\t\t\t\t\t\t\t\t<a href=\"https:\/\/modernmakine.com.tr\/en\/services\/extraction\/\" class=\"site-button-link\">More Detail<\/a>\n\t\t\t\t\t\t\t\t\t\t\t<\/div>\n\t\t\t\t\t\t\t\t\t\t<\/div>\n\t\t\t\t\t\t\t\t\t<\/div>\n\t\t\t\t\t\t\t\t<\/div>\n\t\t\t\t\t\t\t\t\t\t\t\t\t\t\t\t<div class=\"col-lg-4 col-md-6 animate_line\">\n\t\t\t\t\t\t\t\t\t<div class=\"service-border-box3 shadow text-center\">\n\t\t\t\t\t\t\t\t\t\t<div class=\"wt-icon-box-wraper bg-white p-tb50 p-lr20\">\n\t\t\t\t\t\t\t\t\t\t\t<div class=\"icon-lg inline-icon\t m-b50\">\n\t\t\t\t\t\t\t\t\t\t\t\t\t\t\t\t\t\t\t\t\t\t\t\t\t<span class=\"icon-cell site-text-primary\"><i class=\"flaticon-industry\"><\/i><\/span>\n\t\t\t\t\t\t\t\t\t\t\t\t\t\t\t\t\t\t\t\t\t\t\t\t<\/div>\n\t\t\t\t\t\t\t\t\t\t\t<div class=\"icon-content\">\n\t\t\t\t\t\t\t\t\t\t\t\t<h3 class=\"wt-tilte m-b20\">Turn-key Feed Factories<\/h3>\n\t\t\t\t\t\t\t\t\t\t\t\t<p>TURN-KEY FEED FACTORIES\r\nFeed Factories are factories where the production of scientific animal feed<\/p>\n\t\t\t\t\t\t\t\t\t\t\t\t<a href=\"https:\/\/modernmakine.com.tr\/en\/services\/turn-key-feed-factories\/\" class=\"site-button-link\">More Detail<\/a>\n\t\t\t\t\t\t\t\t\t\t\t<\/div>\n\t\t\t\t\t\t\t\t\t\t<\/div>\n\t\t\t\t\t\t\t\t\t<\/div>\n\t\t\t\t\t\t\t\t<\/div>\n\t\t\t\t\t\t\t\t\t\t\t\t\t\t\t\t<div class=\"col-lg-4 col-md-6 animate_line\">\n\t\t\t\t\t\t\t\t\t<div class=\"service-border-box3 shadow text-center\">\n\t\t\t\t\t\t\t\t\t\t<div class=\"wt-icon-box-wraper bg-white p-tb50 p-lr20\">\n\t\t\t\t\t\t\t\t\t\t\t<div class=\"icon-lg inline-icon\t m-b50\">\n\t\t\t\t\t\t\t\t\t\t\t\t\t\t\t\t\t\t\t\t\t\t\t\t\t<span class=\"icon-cell site-text-primary\"><i class=\"flaticon-robotic-arm\"><\/i><\/span>\n\t\t\t\t\t\t\t\t\t\t\t\t\t\t\t\t\t\t\t\t\t\t\t\t<\/div>\n\t\t\t\t\t\t\t\t\t\t\t<div class=\"icon-content\">\n\t\t\t\t\t\t\t\t\t\t\t\t<h3 class=\"wt-tilte m-b20\">Sunflower Shell Separation Plant<\/h3>\n\t\t\t\t\t\t\t\t\t\t\t\t<p>SUNFLOWER SHELL SEPARATION PLANT\r\nAnother advantage of shelling systems is to direct production acco<\/p>\n\t\t\t\t\t\t\t\t\t\t\t\t<a href=\"https:\/\/modernmakine.com.tr\/en\/services\/sunflower-shell-separation-plant\/\" class=\"site-button-link\">More Detail<\/a>\n\t\t\t\t\t\t\t\t\t\t\t<\/div>\n\t\t\t\t\t\t\t\t\t\t<\/div>\n\t\t\t\t\t\t\t\t\t<\/div>\n\t\t\t\t\t\t\t\t<\/div>\n\t\t\t\t\t\t\t\t\t\t\t\t\t\t<\/div>\n\t\t\t\t\t<\/div>\n\t\t\t\t<\/div>\n\t\t\t<\/div>\n\t\t\t\t\t\t\t<\/div>\n\t\t\t\t<\/div>\n\t\t\t\t\t\t<\/div>\n\t\t\t\t\t<\/div>\n\t\t<\/div>\n\t\t\t\t\t\t\t\t<\/div>\n\t\t\t\t\t<\/div>\n\t\t<\/section>\n\t\t\t\t\t\t\t\t\t<\/div>\n\t\t\t<\/div>\n\t\t\t\t\t<\/div>\n\t\t","protected":false},"excerpt":{"rendered":"<p>About Us We add value to your dreams with our experience Who are we? In 1976, NAMIK KEMAL O\u011eUZ, who worked as a technical manager in various oil factories in Trakya, which is the source of sunflower oil in our country, later added his experience and started to produce machinery and equipment for vegetable oil [&hellip;]<\/p>\n","protected":false},"author":1,"featured_media":0,"parent":0,"menu_order":0,"comment_status":"closed","ping_status":"closed","template":"","meta":{"ngg_post_thumbnail":0},"tags":[],"_links":{"self":[{"href":"https:\/\/modernmakine.com.tr\/en\/wp-json\/wp\/v2\/pages\/213"}],"collection":[{"href":"https:\/\/modernmakine.com.tr\/en\/wp-json\/wp\/v2\/pages"}],"about":[{"href":"https:\/\/modernmakine.com.tr\/en\/wp-json\/wp\/v2\/types\/page"}],"author":[{"embeddable":true,"href":"https:\/\/modernmakine.com.tr\/en\/wp-json\/wp\/v2\/users\/1"}],"replies":[{"embeddable":true,"href":"https:\/\/modernmakine.com.tr\/en\/wp-json\/wp\/v2\/comments?post=213"}],"version-history":[{"count":30,"href":"https:\/\/modernmakine.com.tr\/en\/wp-json\/wp\/v2\/pages\/213\/revisions"}],"predecessor-version":[{"id":1043,"href":"https:\/\/modernmakine.com.tr\/en\/wp-json\/wp\/v2\/pages\/213\/revisions\/1043"}],"wp:attachment":[{"href":"https:\/\/modernmakine.com.tr\/en\/wp-json\/wp\/v2\/media?parent=213"}],"wp:term":[{"taxonomy":"post_tag","embeddable":true,"href":"https:\/\/modernmakine.com.tr\/en\/wp-json\/wp\/v2\/tags?post=213"}],"curies":[{"name":"wp","href":"https:\/\/api.w.org\/{rel}","templated":true}]}}